{"id":1524,"date":"2024-04-22T14:13:50","date_gmt":"2024-04-22T14:13:50","guid":{"rendered":"https:\/\/www.cppadova.com\/?page_id=1524"},"modified":"2024-04-22T14:47:13","modified_gmt":"2024-04-22T14:47:13","slug":"evenements","status":"publish","type":"page","link":"https:\/\/www.cppadova.com\/fr\/padoue\/evenements\/","title":{"rendered":"\u00c9v\u00e9nements"},"content":{"rendered":"","protected":false},"excerpt":{"rendered":"","protected":false},"author":36,"featured_media":0,"parent":1282,"menu_order":3,"comment_status":"closed","ping_status":"closed","template":"template-events.php","meta":{"footnotes":""},"class_list":["post-1524","page","type-page","status-publish","hentry"],"yoast_head":"<!-- This site is optimized with the Yoast SEO plugin v26.9 - https:\/\/yoast.com\/product\/yoast-seo-wordpress\/ -->\n<title>\u00c9v\u00e9nements \u00e0 Padoue : concerts, expositions | Crowne Plaza Padova<\/title>\n<meta name=\"description\" content=\"Ville d\u2019art, Padoue offre un riche calendrier culturel : concerts, festivals, salons, \u00e9v\u00e9nements. D\u00e9couvrez avec nous quelques-uns des rendez-vous les plus \u00e9lectrisants !\" \/>\n<meta name=\"robots\" content=\"index, follow, max-snippet:-1, max-image-preview:large, max-video-preview:-1\" \/>\n<link rel=\"canonical\" href=\"https:\/\/www.cppadova.com\/fr\/padoue\/evenements\/\" \/>\n<meta property=\"og:locale\" content=\"fr_FR\" \/>\n<meta property=\"og:type\" content=\"article\" \/>\n<meta property=\"og:title\" content=\"\u00c9v\u00e9nements \u00e0 Padoue : concerts, expositions | Crowne Plaza Padova\" \/>\n<meta property=\"og:description\" content=\"Ville d\u2019art, Padoue offre un riche calendrier culturel : concerts, festivals, salons, \u00e9v\u00e9nements. D\u00e9couvrez avec nous quelques-uns des rendez-vous les plus \u00e9lectrisants !\" \/>\n<meta property=\"og:url\" content=\"https:\/\/www.cppadova.com\/fr\/padoue\/evenements\/\" \/>\n<meta property=\"og:site_name\" content=\"Crowne Plaza Padova\" \/>\n<meta property=\"article:modified_time\" content=\"2024-04-22T14:47:13+00:00\" \/>\n<meta property=\"og:image\" content=\"https:\/\/www.cppadova.com\/wp-content\/uploads\/sites\/252\/2021\/08\/crowne_plaza_padova_home_slide_camera.jpg\" \/>\n\t<meta property=\"og:image:width\" content=\"2200\" \/>\n\t<meta property=\"og:image:height\" content=\"1200\" \/>\n\t<meta property=\"og:image:type\" content=\"image\/jpeg\" \/>\n<meta name=\"twitter:card\" content=\"summary_large_image\" \/>\n<script type=\"application\/ld+json\" class=\"yoast-schema-graph\">{\"@context\":\"https:\/\/schema.org\",\"@graph\":[{\"@type\":\"WebPage\",\"@id\":\"https:\/\/www.cppadova.com\/fr\/padoue\/evenements\/\",\"url\":\"https:\/\/www.cppadova.com\/fr\/padoue\/evenements\/\",\"name\":\"\u00c9v\u00e9nements \u00e0 Padoue : concerts, expositions | Crowne Plaza Padova\",\"isPartOf\":{\"@id\":\"https:\/\/www.cppadova.com\/fr\/#website\"},\"datePublished\":\"2024-04-22T14:13:50+00:00\",\"dateModified\":\"2024-04-22T14:47:13+00:00\",\"description\":\"Ville d\u2019art, Padoue offre un riche calendrier culturel : concerts, festivals, salons, \u00e9v\u00e9nements. D\u00e9couvrez avec nous quelques-uns des rendez-vous les plus \u00e9lectrisants !\",\"breadcrumb\":{\"@id\":\"https:\/\/www.cppadova.com\/fr\/padoue\/evenements\/#breadcrumb\"},\"inLanguage\":\"fr-FR\",\"potentialAction\":[{\"@type\":\"ReadAction\",\"target\":[\"https:\/\/www.cppadova.com\/fr\/padoue\/evenements\/\"]}]},{\"@type\":\"BreadcrumbList\",\"@id\":\"https:\/\/www.cppadova.com\/fr\/padoue\/evenements\/#breadcrumb\",\"itemListElement\":[{\"@type\":\"ListItem\",\"position\":1,\"name\":\"Home\",\"item\":\"https:\/\/www.cppadova.com\/fr\/\"},{\"@type\":\"ListItem\",\"position\":2,\"name\":\"Padoue\",\"item\":\"https:\/\/www.cppadova.com\/fr\/padoue\/\"},{\"@type\":\"ListItem\",\"position\":3,\"name\":\"\u00c9v\u00e9nements\"}]},{\"@type\":\"WebSite\",\"@id\":\"https:\/\/www.cppadova.com\/fr\/#website\",\"url\":\"https:\/\/www.cppadova.com\/fr\/\",\"name\":\"Crowne Plaza Padova\",\"description\":\"Just another ms.decms.eu site\",\"potentialAction\":[{\"@type\":\"SearchAction\",\"target\":{\"@type\":\"EntryPoint\",\"urlTemplate\":\"https:\/\/www.cppadova.com\/fr\/?s={search_term_string}\"},\"query-input\":{\"@type\":\"PropertyValueSpecification\",\"valueRequired\":true,\"valueName\":\"search_term_string\"}}],\"inLanguage\":\"fr-FR\"}]}<\/script>\n<!-- \/ Yoast SEO plugin. -->","yoast_head_json":{"title":"\u00c9v\u00e9nements \u00e0 Padoue : concerts, expositions | Crowne Plaza Padova","description":"Ville d\u2019art, Padoue offre un riche calendrier culturel : concerts, festivals, salons, \u00e9v\u00e9nements. D\u00e9couvrez avec nous quelques-uns des rendez-vous les plus \u00e9lectrisants !","robots":{"index":"index","follow":"follow","max-snippet":"max-snippet:-1","max-image-preview":"max-image-preview:large","max-video-preview":"max-video-preview:-1"},"canonical":"https:\/\/www.cppadova.com\/fr\/padoue\/evenements\/","og_locale":"fr_FR","og_type":"article","og_title":"\u00c9v\u00e9nements \u00e0 Padoue : concerts, expositions | Crowne Plaza Padova","og_description":"Ville d\u2019art, Padoue offre un riche calendrier culturel : concerts, festivals, salons, \u00e9v\u00e9nements. D\u00e9couvrez avec nous quelques-uns des rendez-vous les plus \u00e9lectrisants !","og_url":"https:\/\/www.cppadova.com\/fr\/padoue\/evenements\/","og_site_name":"Crowne Plaza Padova","article_modified_time":"2024-04-22T14:47:13+00:00","og_image":[{"width":2200,"height":1200,"url":"https:\/\/www.cppadova.com\/wp-content\/uploads\/sites\/252\/2021\/08\/crowne_plaza_padova_home_slide_camera.jpg","type":"image\/jpeg"}],"twitter_card":"summary_large_image","schema":{"@context":"https:\/\/schema.org","@graph":[{"@type":"WebPage","@id":"https:\/\/www.cppadova.com\/fr\/padoue\/evenements\/","url":"https:\/\/www.cppadova.com\/fr\/padoue\/evenements\/","name":"\u00c9v\u00e9nements \u00e0 Padoue : concerts, expositions | Crowne Plaza Padova","isPartOf":{"@id":"https:\/\/www.cppadova.com\/fr\/#website"},"datePublished":"2024-04-22T14:13:50+00:00","dateModified":"2024-04-22T14:47:13+00:00","description":"Ville d\u2019art, Padoue offre un riche calendrier culturel : concerts, festivals, salons, \u00e9v\u00e9nements. D\u00e9couvrez avec nous quelques-uns des rendez-vous les plus \u00e9lectrisants !","breadcrumb":{"@id":"https:\/\/www.cppadova.com\/fr\/padoue\/evenements\/#breadcrumb"},"inLanguage":"fr-FR","potentialAction":[{"@type":"ReadAction","target":["https:\/\/www.cppadova.com\/fr\/padoue\/evenements\/"]}]},{"@type":"BreadcrumbList","@id":"https:\/\/www.cppadova.com\/fr\/padoue\/evenements\/#breadcrumb","itemListElement":[{"@type":"ListItem","position":1,"name":"Home","item":"https:\/\/www.cppadova.com\/fr\/"},{"@type":"ListItem","position":2,"name":"Padoue","item":"https:\/\/www.cppadova.com\/fr\/padoue\/"},{"@type":"ListItem","position":3,"name":"\u00c9v\u00e9nements"}]},{"@type":"WebSite","@id":"https:\/\/www.cppadova.com\/fr\/#website","url":"https:\/\/www.cppadova.com\/fr\/","name":"Crowne Plaza Padova","description":"Just another ms.decms.eu site","potentialAction":[{"@type":"SearchAction","target":{"@type":"EntryPoint","urlTemplate":"https:\/\/www.cppadova.com\/fr\/?s={search_term_string}"},"query-input":{"@type":"PropertyValueSpecification","valueRequired":true,"valueName":"search_term_string"}}],"inLanguage":"fr-FR"}]}},"acf":[],"_links":{"self":[{"href":"https:\/\/www.cppadova.com\/fr\/wp-json\/wp\/v2\/pages\/1524","targetHints":{"allow":["GET"]}}],"collection":[{"href":"https:\/\/www.cppadova.com\/fr\/wp-json\/wp\/v2\/pages"}],"about":[{"href":"https:\/\/www.cppadova.com\/fr\/wp-json\/wp\/v2\/types\/page"}],"author":[{"embeddable":true,"href":"https:\/\/www.cppadova.com\/fr\/wp-json\/wp\/v2\/users\/36"}],"replies":[{"embeddable":true,"href":"https:\/\/www.cppadova.com\/fr\/wp-json\/wp\/v2\/comments?post=1524"}],"version-history":[{"count":0,"href":"https:\/\/www.cppadova.com\/fr\/wp-json\/wp\/v2\/pages\/1524\/revisions"}],"up":[{"embeddable":true,"href":"https:\/\/www.cppadova.com\/fr\/wp-json\/wp\/v2\/pages\/1282"}],"wp:attachment":[{"href":"https:\/\/www.cppadova.com\/fr\/wp-json\/wp\/v2\/media?parent=1524"}],"curies":[{"name":"wp","href":"https:\/\/api.w.org\/{rel}","templated":true}]}}