{"id":1579,"date":"2024-05-15T15:04:58","date_gmt":"2024-05-15T15:04:58","guid":{"rendered":"https:\/\/www.cppadova.com\/lhotel\/sostenibilita-e-csr\/"},"modified":"2024-06-27T13:13:29","modified_gmt":"2024-06-27T13:13:29","slug":"sostenibilita-e-csr","status":"publish","type":"page","link":"https:\/\/www.cppadova.com\/fr\/lhotel\/sostenibilita-e-csr\/","title":{"rendered":"Durabilit\u00e9 et CSR"},"content":{"rendered":"<p>Le Crowne Plaza Padova confirme son <strong>engagement en mati\u00e8re de responsabilit\u00e9 environnementale et territoriale <\/strong>avec l\u2019obtention r\u00e9cente de la certification Green Key, le 1<sup>er<\/sup> \u00e9colabel international pour l\u2019h\u00e9bergement touristique. Des initiatives \u00e9cologiques, comme le tri s\u00e9lectif et les \u00e9conomies d&rsquo;\u00e9nergie, \u00e0 l\u2019implication active de nos \u00e9quipes, chaque aspect de notre d\u00e9marche constitue un pas <strong>vers la r\u00e9duction de notre impact sur l&rsquo;environnement<\/strong>.<\/p>\n","protected":false},"excerpt":{"rendered":"<p>Le Crowne Plaza Padova confirme son engagement en mati\u00e8re de responsabilit\u00e9 environnementale et territoriale avec l\u2019obtention r\u00e9cente de la certification Green Key, le 1er \u00e9colabel international pour l\u2019h\u00e9bergement touristique. Des initiatives \u00e9cologiques, comme le tri s\u00e9lectif et les \u00e9conomies d&rsquo;\u00e9nergie, \u00e0 l\u2019implication active de nos \u00e9quipes, chaque aspect de notre d\u00e9marche constitue un pas vers [&hellip;]<\/p>\n","protected":false},"author":360,"featured_media":0,"parent":1160,"menu_order":0,"comment_status":"closed","ping_status":"closed","template":"template_default-5.php","meta":{"footnotes":""},"class_list":["post-1579","page","type-page","status-publish","hentry"],"yoast_head":"<!-- This site is optimized with the Yoast SEO plugin v26.9 - https:\/\/yoast.com\/product\/yoast-seo-wordpress\/ -->\n<title>Durabilit\u00e9 et CSR | hotel 4* Crowne Plaza Padova<\/title>\n<meta name=\"description\" content=\"D\u00e9couvrez les initiatives durables et RSE du Crowne Plaza Padova : nous avons obtenu la certification Green Key, nous collaborons avec Pasticceria Giotto et bien plus encore !\" \/>\n<meta name=\"robots\" content=\"index, follow, max-snippet:-1, max-image-preview:large, max-video-preview:-1\" \/>\n<link rel=\"canonical\" href=\"https:\/\/www.cppadova.com\/fr\/lhotel\/sostenibilita-e-csr\/\" \/>\n<meta property=\"og:locale\" content=\"fr_FR\" \/>\n<meta property=\"og:type\" content=\"article\" \/>\n<meta property=\"og:title\" content=\"Durabilit\u00e9 et CSR | hotel 4* Crowne Plaza Padova\" \/>\n<meta property=\"og:description\" content=\"D\u00e9couvrez les initiatives durables et RSE du Crowne Plaza Padova : nous avons obtenu la certification Green Key, nous collaborons avec Pasticceria Giotto et bien plus encore !\" \/>\n<meta property=\"og:url\" content=\"https:\/\/www.cppadova.com\/fr\/lhotel\/sostenibilita-e-csr\/\" \/>\n<meta property=\"og:site_name\" content=\"Crowne Plaza Padova\" \/>\n<meta property=\"article:modified_time\" content=\"2024-06-27T13:13:29+00:00\" \/>\n<meta property=\"og:image\" content=\"https:\/\/www.cppadova.com\/wp-content\/uploads\/sites\/252\/2021\/08\/crowne_plaza_padova_home_slide_camera.jpg\" \/>\n\t<meta property=\"og:image:width\" content=\"2200\" \/>\n\t<meta property=\"og:image:height\" content=\"1200\" \/>\n\t<meta property=\"og:image:type\" content=\"image\/jpeg\" \/>\n<meta name=\"twitter:card\" content=\"summary_large_image\" \/>\n<script type=\"application\/ld+json\" class=\"yoast-schema-graph\">{\"@context\":\"https:\/\/schema.org\",\"@graph\":[{\"@type\":\"WebPage\",\"@id\":\"https:\/\/www.cppadova.com\/fr\/lhotel\/sostenibilita-e-csr\/\",\"url\":\"https:\/\/www.cppadova.com\/fr\/lhotel\/sostenibilita-e-csr\/\",\"name\":\"Durabilit\u00e9 et CSR | hotel 4* Crowne Plaza Padova\",\"isPartOf\":{\"@id\":\"https:\/\/www.cppadova.com\/fr\/#website\"},\"datePublished\":\"2024-05-15T15:04:58+00:00\",\"dateModified\":\"2024-06-27T13:13:29+00:00\",\"description\":\"D\u00e9couvrez les initiatives durables et RSE du Crowne Plaza Padova : nous avons obtenu la certification Green Key, nous collaborons avec Pasticceria Giotto et bien plus encore !\",\"breadcrumb\":{\"@id\":\"https:\/\/www.cppadova.com\/fr\/lhotel\/sostenibilita-e-csr\/#breadcrumb\"},\"inLanguage\":\"fr-FR\",\"potentialAction\":[{\"@type\":\"ReadAction\",\"target\":[\"https:\/\/www.cppadova.com\/fr\/lhotel\/sostenibilita-e-csr\/\"]}]},{\"@type\":\"BreadcrumbList\",\"@id\":\"https:\/\/www.cppadova.com\/fr\/lhotel\/sostenibilita-e-csr\/#breadcrumb\",\"itemListElement\":[{\"@type\":\"ListItem\",\"position\":1,\"name\":\"Home\",\"item\":\"https:\/\/www.cppadova.com\/fr\/\"},{\"@type\":\"ListItem\",\"position\":2,\"name\":\"L\u2019H\u00f4tel\",\"item\":\"https:\/\/www.cppadova.com\/fr\/lhotel\/\"},{\"@type\":\"ListItem\",\"position\":3,\"name\":\"Durabilit\u00e9 et CSR\"}]},{\"@type\":\"WebSite\",\"@id\":\"https:\/\/www.cppadova.com\/fr\/#website\",\"url\":\"https:\/\/www.cppadova.com\/fr\/\",\"name\":\"Crowne Plaza Padova\",\"description\":\"Just another ms.decms.eu site\",\"potentialAction\":[{\"@type\":\"SearchAction\",\"target\":{\"@type\":\"EntryPoint\",\"urlTemplate\":\"https:\/\/www.cppadova.com\/fr\/?s={search_term_string}\"},\"query-input\":{\"@type\":\"PropertyValueSpecification\",\"valueRequired\":true,\"valueName\":\"search_term_string\"}}],\"inLanguage\":\"fr-FR\"}]}<\/script>\n<!-- \/ Yoast SEO plugin. -->","yoast_head_json":{"title":"Durabilit\u00e9 et CSR | hotel 4* Crowne Plaza Padova","description":"D\u00e9couvrez les initiatives durables et RSE du Crowne Plaza Padova : nous avons obtenu la certification Green Key, nous collaborons avec Pasticceria Giotto et bien plus encore !","robots":{"index":"index","follow":"follow","max-snippet":"max-snippet:-1","max-image-preview":"max-image-preview:large","max-video-preview":"max-video-preview:-1"},"canonical":"https:\/\/www.cppadova.com\/fr\/lhotel\/sostenibilita-e-csr\/","og_locale":"fr_FR","og_type":"article","og_title":"Durabilit\u00e9 et CSR | hotel 4* Crowne Plaza Padova","og_description":"D\u00e9couvrez les initiatives durables et RSE du Crowne Plaza Padova : nous avons obtenu la certification Green Key, nous collaborons avec Pasticceria Giotto et bien plus encore !","og_url":"https:\/\/www.cppadova.com\/fr\/lhotel\/sostenibilita-e-csr\/","og_site_name":"Crowne Plaza Padova","article_modified_time":"2024-06-27T13:13:29+00:00","og_image":[{"width":2200,"height":1200,"url":"https:\/\/www.cppadova.com\/wp-content\/uploads\/sites\/252\/2021\/08\/crowne_plaza_padova_home_slide_camera.jpg","type":"image\/jpeg"}],"twitter_card":"summary_large_image","schema":{"@context":"https:\/\/schema.org","@graph":[{"@type":"WebPage","@id":"https:\/\/www.cppadova.com\/fr\/lhotel\/sostenibilita-e-csr\/","url":"https:\/\/www.cppadova.com\/fr\/lhotel\/sostenibilita-e-csr\/","name":"Durabilit\u00e9 et CSR | hotel 4* Crowne Plaza Padova","isPartOf":{"@id":"https:\/\/www.cppadova.com\/fr\/#website"},"datePublished":"2024-05-15T15:04:58+00:00","dateModified":"2024-06-27T13:13:29+00:00","description":"D\u00e9couvrez les initiatives durables et RSE du Crowne Plaza Padova : nous avons obtenu la certification Green Key, nous collaborons avec Pasticceria Giotto et bien plus encore !","breadcrumb":{"@id":"https:\/\/www.cppadova.com\/fr\/lhotel\/sostenibilita-e-csr\/#breadcrumb"},"inLanguage":"fr-FR","potentialAction":[{"@type":"ReadAction","target":["https:\/\/www.cppadova.com\/fr\/lhotel\/sostenibilita-e-csr\/"]}]},{"@type":"BreadcrumbList","@id":"https:\/\/www.cppadova.com\/fr\/lhotel\/sostenibilita-e-csr\/#breadcrumb","itemListElement":[{"@type":"ListItem","position":1,"name":"Home","item":"https:\/\/www.cppadova.com\/fr\/"},{"@type":"ListItem","position":2,"name":"L\u2019H\u00f4tel","item":"https:\/\/www.cppadova.com\/fr\/lhotel\/"},{"@type":"ListItem","position":3,"name":"Durabilit\u00e9 et CSR"}]},{"@type":"WebSite","@id":"https:\/\/www.cppadova.com\/fr\/#website","url":"https:\/\/www.cppadova.com\/fr\/","name":"Crowne Plaza Padova","description":"Just another ms.decms.eu site","potentialAction":[{"@type":"SearchAction","target":{"@type":"EntryPoint","urlTemplate":"https:\/\/www.cppadova.com\/fr\/?s={search_term_string}"},"query-input":{"@type":"PropertyValueSpecification","valueRequired":true,"valueName":"search_term_string"}}],"inLanguage":"fr-FR"}]}},"acf":[],"_links":{"self":[{"href":"https:\/\/www.cppadova.com\/fr\/wp-json\/wp\/v2\/pages\/1579","targetHints":{"allow":["GET"]}}],"collection":[{"href":"https:\/\/www.cppadova.com\/fr\/wp-json\/wp\/v2\/pages"}],"about":[{"href":"https:\/\/www.cppadova.com\/fr\/wp-json\/wp\/v2\/types\/page"}],"author":[{"embeddable":true,"href":"https:\/\/www.cppadova.com\/fr\/wp-json\/wp\/v2\/users\/360"}],"replies":[{"embeddable":true,"href":"https:\/\/www.cppadova.com\/fr\/wp-json\/wp\/v2\/comments?post=1579"}],"version-history":[{"count":0,"href":"https:\/\/www.cppadova.com\/fr\/wp-json\/wp\/v2\/pages\/1579\/revisions"}],"up":[{"embeddable":true,"href":"https:\/\/www.cppadova.com\/fr\/wp-json\/wp\/v2\/pages\/1160"}],"wp:attachment":[{"href":"https:\/\/www.cppadova.com\/fr\/wp-json\/wp\/v2\/media?parent=1579"}],"curies":[{"name":"wp","href":"https:\/\/api.w.org\/{rel}","templated":true}]}}