{"id":1641,"date":"2025-03-21T09:11:30","date_gmt":"2025-03-21T09:11:30","guid":{"rendered":"https:\/\/www.cppadova.com\/meeting-evenements\/offerta-ihg-business-rewards\/"},"modified":"2025-08-13T15:44:59","modified_gmt":"2025-08-13T15:44:59","slug":"offerta-ihg-business-rewards","status":"publish","type":"page","link":"https:\/\/www.cppadova.com\/fr\/meeting-evenements\/offerta-ihg-business-rewards\/","title":{"rendered":"Offre IHG Business Rewards"},"content":{"rendered":"<p><strong>Gagnez des points<\/strong> en organisant votre \u00e9v\u00e9nement !<\/p>\n<p>En r\u00e9servant votre r\u00e9union \u00e0 l\u2019h\u00f4tel Crowne Plaza Padova, vous pouvez devenir membre du programme <strong>IHG\u00ae Business Rewards<\/strong>, qui vous permet d\u2019accumuler des points pour l\u2019achat de services tels que chambres, salles de r\u00e9union et services de restauration.<\/p>\n<p>Vous pourrez ensuite \u00e9changer ces points contre des<strong> r\u00e9ductions sur de futurs s\u00e9jours<\/strong> ou demander des r\u00e9compenses exceptionnelles.<\/p>\n","protected":false},"excerpt":{"rendered":"<p>Gagnez des points en organisant votre \u00e9v\u00e9nement ! En r\u00e9servant votre r\u00e9union \u00e0 l\u2019h\u00f4tel Crowne Plaza Padova, vous pouvez devenir membre du programme IHG\u00ae Business Rewards, qui vous permet d\u2019accumuler des points pour l\u2019achat de services tels que chambres, salles de r\u00e9union et services de restauration. Vous pourrez ensuite \u00e9changer ces points contre des r\u00e9ductions [&hellip;]<\/p>\n","protected":false},"author":652,"featured_media":0,"parent":1220,"menu_order":6,"comment_status":"closed","ping_status":"closed","template":"template-default-2.php","meta":{"footnotes":""},"class_list":["post-1641","page","type-page","status-publish","hentry"],"yoast_head":"<!-- This site is optimized with the Yoast SEO plugin v26.9 - https:\/\/yoast.com\/product\/yoast-seo-wordpress\/ -->\n<title>Offre IHG Business Rewards - Crowne Plaza Padova -<\/title>\n<meta name=\"description\" content=\"Accumula punti organizzando il tuo evento! Prenota il tuo meeting all\u2019hotel Crowne Plaza Padova e diventa socio IHG Business Rewards\" \/>\n<meta name=\"robots\" content=\"index, follow, max-snippet:-1, max-image-preview:large, max-video-preview:-1\" \/>\n<link rel=\"canonical\" href=\"https:\/\/www.cppadova.com\/fr\/meeting-evenements\/offerta-ihg-business-rewards\/\" \/>\n<meta property=\"og:locale\" content=\"fr_FR\" \/>\n<meta property=\"og:type\" content=\"article\" \/>\n<meta property=\"og:title\" content=\"Offre IHG Business Rewards - Crowne Plaza Padova -\" \/>\n<meta property=\"og:description\" content=\"Accumula punti organizzando il tuo evento! Prenota il tuo meeting all\u2019hotel Crowne Plaza Padova e diventa socio IHG Business Rewards\" \/>\n<meta property=\"og:url\" content=\"https:\/\/www.cppadova.com\/fr\/meeting-evenements\/offerta-ihg-business-rewards\/\" \/>\n<meta property=\"og:site_name\" content=\"Crowne Plaza Padova\" \/>\n<meta property=\"article:modified_time\" content=\"2025-08-13T15:44:59+00:00\" \/>\n<meta property=\"og:image\" content=\"https:\/\/www.cppadova.com\/wp-content\/uploads\/sites\/252\/2021\/08\/crowne_plaza_padova_home_slide_camera.jpg\" \/>\n\t<meta property=\"og:image:width\" content=\"2200\" \/>\n\t<meta property=\"og:image:height\" content=\"1200\" \/>\n\t<meta property=\"og:image:type\" content=\"image\/jpeg\" \/>\n<meta name=\"twitter:card\" content=\"summary_large_image\" \/>\n<script type=\"application\/ld+json\" class=\"yoast-schema-graph\">{\"@context\":\"https:\/\/schema.org\",\"@graph\":[{\"@type\":\"WebPage\",\"@id\":\"https:\/\/www.cppadova.com\/fr\/meeting-evenements\/offerta-ihg-business-rewards\/\",\"url\":\"https:\/\/www.cppadova.com\/fr\/meeting-evenements\/offerta-ihg-business-rewards\/\",\"name\":\"Offre IHG Business Rewards - Crowne Plaza Padova -\",\"isPartOf\":{\"@id\":\"https:\/\/www.cppadova.com\/fr\/#website\"},\"datePublished\":\"2025-03-21T09:11:30+00:00\",\"dateModified\":\"2025-08-13T15:44:59+00:00\",\"description\":\"Accumula punti organizzando il tuo evento! Prenota il tuo meeting all\u2019hotel Crowne Plaza Padova e diventa socio IHG Business Rewards\",\"breadcrumb\":{\"@id\":\"https:\/\/www.cppadova.com\/fr\/meeting-evenements\/offerta-ihg-business-rewards\/#breadcrumb\"},\"inLanguage\":\"fr-FR\",\"potentialAction\":[{\"@type\":\"ReadAction\",\"target\":[\"https:\/\/www.cppadova.com\/fr\/meeting-evenements\/offerta-ihg-business-rewards\/\"]}]},{\"@type\":\"BreadcrumbList\",\"@id\":\"https:\/\/www.cppadova.com\/fr\/meeting-evenements\/offerta-ihg-business-rewards\/#breadcrumb\",\"itemListElement\":[{\"@type\":\"ListItem\",\"position\":1,\"name\":\"Home\",\"item\":\"https:\/\/www.cppadova.com\/fr\/\"},{\"@type\":\"ListItem\",\"position\":2,\"name\":\"Meeting &amp; \u00c9v\u00e9nements\",\"item\":\"https:\/\/www.cppadova.com\/fr\/meeting-evenements\/\"},{\"@type\":\"ListItem\",\"position\":3,\"name\":\"Offre IHG Business Rewards\"}]},{\"@type\":\"WebSite\",\"@id\":\"https:\/\/www.cppadova.com\/fr\/#website\",\"url\":\"https:\/\/www.cppadova.com\/fr\/\",\"name\":\"Crowne Plaza Padova\",\"description\":\"Just another ms.decms.eu site\",\"potentialAction\":[{\"@type\":\"SearchAction\",\"target\":{\"@type\":\"EntryPoint\",\"urlTemplate\":\"https:\/\/www.cppadova.com\/fr\/?s={search_term_string}\"},\"query-input\":{\"@type\":\"PropertyValueSpecification\",\"valueRequired\":true,\"valueName\":\"search_term_string\"}}],\"inLanguage\":\"fr-FR\"}]}<\/script>\n<!-- \/ Yoast SEO plugin. -->","yoast_head_json":{"title":"Offre IHG Business Rewards - Crowne Plaza Padova -","description":"Accumula punti organizzando il tuo evento! Prenota il tuo meeting all\u2019hotel Crowne Plaza Padova e diventa socio IHG Business Rewards","robots":{"index":"index","follow":"follow","max-snippet":"max-snippet:-1","max-image-preview":"max-image-preview:large","max-video-preview":"max-video-preview:-1"},"canonical":"https:\/\/www.cppadova.com\/fr\/meeting-evenements\/offerta-ihg-business-rewards\/","og_locale":"fr_FR","og_type":"article","og_title":"Offre IHG Business Rewards - Crowne Plaza Padova -","og_description":"Accumula punti organizzando il tuo evento! Prenota il tuo meeting all\u2019hotel Crowne Plaza Padova e diventa socio IHG Business Rewards","og_url":"https:\/\/www.cppadova.com\/fr\/meeting-evenements\/offerta-ihg-business-rewards\/","og_site_name":"Crowne Plaza Padova","article_modified_time":"2025-08-13T15:44:59+00:00","og_image":[{"width":2200,"height":1200,"url":"https:\/\/www.cppadova.com\/wp-content\/uploads\/sites\/252\/2021\/08\/crowne_plaza_padova_home_slide_camera.jpg","type":"image\/jpeg"}],"twitter_card":"summary_large_image","schema":{"@context":"https:\/\/schema.org","@graph":[{"@type":"WebPage","@id":"https:\/\/www.cppadova.com\/fr\/meeting-evenements\/offerta-ihg-business-rewards\/","url":"https:\/\/www.cppadova.com\/fr\/meeting-evenements\/offerta-ihg-business-rewards\/","name":"Offre IHG Business Rewards - Crowne Plaza Padova -","isPartOf":{"@id":"https:\/\/www.cppadova.com\/fr\/#website"},"datePublished":"2025-03-21T09:11:30+00:00","dateModified":"2025-08-13T15:44:59+00:00","description":"Accumula punti organizzando il tuo evento! Prenota il tuo meeting all\u2019hotel Crowne Plaza Padova e diventa socio IHG Business Rewards","breadcrumb":{"@id":"https:\/\/www.cppadova.com\/fr\/meeting-evenements\/offerta-ihg-business-rewards\/#breadcrumb"},"inLanguage":"fr-FR","potentialAction":[{"@type":"ReadAction","target":["https:\/\/www.cppadova.com\/fr\/meeting-evenements\/offerta-ihg-business-rewards\/"]}]},{"@type":"BreadcrumbList","@id":"https:\/\/www.cppadova.com\/fr\/meeting-evenements\/offerta-ihg-business-rewards\/#breadcrumb","itemListElement":[{"@type":"ListItem","position":1,"name":"Home","item":"https:\/\/www.cppadova.com\/fr\/"},{"@type":"ListItem","position":2,"name":"Meeting &amp; \u00c9v\u00e9nements","item":"https:\/\/www.cppadova.com\/fr\/meeting-evenements\/"},{"@type":"ListItem","position":3,"name":"Offre IHG Business Rewards"}]},{"@type":"WebSite","@id":"https:\/\/www.cppadova.com\/fr\/#website","url":"https:\/\/www.cppadova.com\/fr\/","name":"Crowne Plaza Padova","description":"Just another ms.decms.eu site","potentialAction":[{"@type":"SearchAction","target":{"@type":"EntryPoint","urlTemplate":"https:\/\/www.cppadova.com\/fr\/?s={search_term_string}"},"query-input":{"@type":"PropertyValueSpecification","valueRequired":true,"valueName":"search_term_string"}}],"inLanguage":"fr-FR"}]}},"acf":[],"_links":{"self":[{"href":"https:\/\/www.cppadova.com\/fr\/wp-json\/wp\/v2\/pages\/1641","targetHints":{"allow":["GET"]}}],"collection":[{"href":"https:\/\/www.cppadova.com\/fr\/wp-json\/wp\/v2\/pages"}],"about":[{"href":"https:\/\/www.cppadova.com\/fr\/wp-json\/wp\/v2\/types\/page"}],"author":[{"embeddable":true,"href":"https:\/\/www.cppadova.com\/fr\/wp-json\/wp\/v2\/users\/652"}],"replies":[{"embeddable":true,"href":"https:\/\/www.cppadova.com\/fr\/wp-json\/wp\/v2\/comments?post=1641"}],"version-history":[{"count":0,"href":"https:\/\/www.cppadova.com\/fr\/wp-json\/wp\/v2\/pages\/1641\/revisions"}],"up":[{"embeddable":true,"href":"https:\/\/www.cppadova.com\/fr\/wp-json\/wp\/v2\/pages\/1220"}],"wp:attachment":[{"href":"https:\/\/www.cppadova.com\/fr\/wp-json\/wp\/v2\/media?parent=1641"}],"curies":[{"name":"wp","href":"https:\/\/api.w.org\/{rel}","templated":true}]}}